{"id":15978,"date":"2016-05-11T16:40:06","date_gmt":"2016-05-11T16:40:06","guid":{"rendered":"http:\/\/wwtest.alemansdesign.it\/?page_id=15978"},"modified":"2018-02-12T10:04:36","modified_gmt":"2018-02-12T10:04:36","slug":"lavori-di-sverniciatura-metalli-e-automobili-epoca-con-tecnologia-idrodinamica","status":"publish","type":"page","link":"https:\/\/www.wwtsrl.it\/de\/metallen-und-oldteimer-restaurierung-arbeiten-mit-hochdruck-wasserstrahltechnologie\/","title":{"rendered":"Arbeiten"},"content":{"rendered":"<div class=\"wpb-content-wrapper\"><p>[vc_row type=&#8220;full_width_section&#8220; bg_image=&#8220;16658&#8243; full_height=&#8220;true&#8220; class=&#8220;mobile-top-section&#8220;][vc_column animation=&#8220;fade-in-from-left&#8220; width=&#8220;1\/1&#8243;]<h1 class=\"headline font-special fontsize-xxxl fontweight-700 lh-12 align-left transform-inherit lowercase top-section-text\" style=\" color: #ffffff;\">WWT<br \/>\nWater Work Technology<\/h1><h1 class=\"headline font-inherit fontsize-xxl fontweight-300 lh-12 align-left transform-inherit top-section-text\" style=\" color: #ffffff;\">Hier nachfolgend finden Sie<br \/>\nin verschiedene Kategorien unterteilt unsere Arbeiten.<\/h1>[\/vc_column][\/vc_row][vc_row type=&#8220;full_width_section&#8220;][vc_column animation=&#8220;fade-in-from-bottom&#8220; column_padding=&#8220;padding-5&#8243; width=&#8220;1\/2&#8243;]<h1 class=\"headline font-special fontsize-xs fontweight-700 lh-inherit align-left transform-uppercase ls-1\" style=\"margin: 0 0 15px 0; color: #999999;\">WIR ENTLACKEN GANZE KAROSSERIEN<\/h1><h2 class=\"headline font-special fontsize-xxxl fontweight-700 lh-12 align-left transform-uppercase \" style=\"margin: 0 0 0 0;\">AUTOKAROSSERIEN<\/h2><div class=\"divider divider5\" style='margin:10px 0 25px 0 !important;'><\/div>[vc_column_text]Eine fachgerechte Restaurierung. Wir versetzen die Karosserien wieder in den urspr\u00fcnglichen Zustand und entfernen dabei Lacke, Spachtelmassen, D\u00e4mmungsmaterialien und Rost, ohne die Zierleisten und W\u00f6lbungen im Metall, Stahl oder Aluminium zu entstellen. Und all dies, ohne dass R\u00fcckst\u00e4nde zur\u00fcck bleiben. Falls dies unbedingt erforderlich sein sollte, besteht au\u00dferdem die M\u00f6glichkeit nur bestimmte Bereiche, z. B. bei gut erhaltenen Exemplaren die Au\u00dfenseiten, oder bestimmte Stellen, wie bei Karosserien, die von Wettrennen stammen oder f\u00fcr diese bestimmt sind, zu bearbeiten.[\/vc_column_text]<a href=\"https:\/\/www.wwtsrl.it\/de\/oldtimer-und-vintage-cars-wasserstrahl-entlackung\" target=\"_self\" class=\"button color-2 large \" style=\"border-radius: 2px;\">Unsere Arbeiten<\/a>[\/vc_column][vc_column el_class=&#8220;hide-mobile-image-boxes&#8220; animation=&#8220;fade-in-from-bottom&#8220; bg_image=&#8220;16458&#8243; column_padding=&#8220;padding-5&#8243; column_center=&#8220;true&#8220; width=&#8220;1\/2&#8243;]<div class=\"spacer\" style=\"height: 250px;\"><\/div>[\/vc_column][\/vc_row][vc_row type=&#8220;full_width_section&#8220; text_color=&#8220;light&#8220;][vc_column el_class=&#8220;hide-mobile-image-boxes&#8220; animation=&#8220;fade-in-from-bottom&#8220; bg_image=&#8220;16450&#8243; column_padding=&#8220;padding-5&#8243; column_center=&#8220;true&#8220; width=&#8220;1\/2&#8243;]<div class=\"spacer\" style=\"height: 250px;\"><\/div>[\/vc_column][vc_column animation=&#8220;fade-in-from-bottom&#8220; bg_color=&#8220;#002a4a&#8220; column_padding=&#8220;padding-5&#8243; width=&#8220;1\/2&#8243;]<h1 class=\"headline font-special fontsize-xs fontweight-700 lh-inherit align-left transform-uppercase ls-1\" style=\"margin: 0 0 15px 0; color: #999999;\">VERSCHIEDENE AUTOTEILE<\/h1><h2 class=\"headline font-special fontsize-xxxl fontweight-700 lh-12 align-left transform-uppercase \" style=\"margin: 0 0 0 0; color: #ffffff;\">TEILE UND MECHANIK<\/h2><div class=\"divider divider5\" style='margin:10px 0 25px 0 !important;'><\/div>[vc_column_text]Dem Einzelfall entsprechend nehmen wir Eingriffe an einzelnen Teilen des Autos vor, bei denen wir die gleiche Hochdruck-Wasserstrahltechnologie wie bei den umfangreicheren Eingriffen anwenden. Um den breitgef\u00e4cherten W\u00fcnschen, die in stets zunehmender Zahl an uns herangetragen werden, gerecht zu werden, sind wir ausgesprochen vielseitig. Unsere Technologie funktioniert dort, wo sich andere Verfahren als wirkungslos oder nachteilig erweisen.[\/vc_column_text]<a href=\"https:\/\/www.wwtsrl.it\/de\/entlacken-von-verschiedene-karosserien-autoteile\" target=\"_self\" class=\"button color-4 large \" style=\"border-radius: 2px;\">Unsere Arbeiten<\/a>[\/vc_column][\/vc_row][vc_row type=&#8220;full_width_section&#8220;][vc_column animation=&#8220;fade-in-from-bottom&#8220; column_padding=&#8220;padding-5&#8243; width=&#8220;1\/2&#8243;]<h1 class=\"headline font-special fontsize-xs fontweight-700 lh-inherit align-left transform-uppercase ls-1\" style=\"margin: 0 0 15px 0; color: #999999;\">VERSCHIEDENE ARTEN VON METALLEN, UNTERSCHIEDLICHE FORMEN UND GR\u00d6SSEN<br \/>\nINDUSTRIEBEREICH<\/h1><h2 class=\"headline font-special fontsize-xxxl fontweight-700 lh-12 align-left transform-uppercase \" style=\"margin: 0 0 0 0;\">INDUSTRIEBEREICH<\/h2><div class=\"divider divider5\" style='margin:10px 0 25px 0 !important;'><\/div>[vc_column_text]Die Hochdruck-Wasserstrahltechnologie ist bei speziellen industriellen Behandlungen wie beim Reinigen von durch Verarbeitungsmaterialien verstopften Formen, die sich ohne irgendwelche Besch\u00e4digungen und R\u00fcckst\u00e4nde wieder in den Neuzustand versetzen lassen und bei denen andere Techniken sch\u00e4dlich w\u00e4ren, unverzichtbar. Verzinkte K\u00fchlergrille, die Bel\u00e4ge aus irgendwelchen Materialien aufweisen, werden, ohne die Verzinkung in irgendeiner Weise auch nur im Geringsten anzutasten, wieder in den urspr\u00fcnglichen Zustand versetzt. Komplexe montierte, fest gefressene und blockierte mechanische Teile, die zu Wartungszwecken m\u00fchelos ausgebaut werden k\u00f6nnen, lassen sich reinigen. Teile und Mechanismen aus Edelstahl, Uniballs und blockierte Kugellager lassen sich reinigen und k\u00f6nnen nach dem Entrosten erneut in Betrieb gehen.<\/p>\n<p>Dank der Hochdruck-Wasserstrahltechnik, die wir entwickelt haben, und der Erfahrung, die wir sammeln konnten, l\u00e4sst sich jegliches Metall reinigen. In diesem Bereich, in dem rasches Handeln ausschlaggebend ist, bieten wir eine ausgesprochen gute Organisation, um Ihnen sorgf\u00e4ltige, kurzfristige und endg\u00fcltige Dienstleistungen bieten zu k\u00f6nnen.[\/vc_column_text]<a href=\"https:\/\/www.wwtsrl.it\/de\/hochdruck-wasserstrahltechnologie-in-industriebereich\" target=\"_self\" class=\"button color-2 large \" style=\"border-radius: 2px;\">Unsere Arbeiten<\/a>[\/vc_column][vc_column el_class=&#8220;hide-mobile-image-boxes&#8220; animation=&#8220;fade-in-from-bottom&#8220; bg_image=&#8220;16717&#8243; column_padding=&#8220;padding-5&#8243; column_center=&#8220;true&#8220; width=&#8220;1\/2&#8243;]<div class=\"spacer\" style=\"height: 250px;\"><\/div>[\/vc_column][\/vc_row]<\/p>\n<\/div>","protected":false},"excerpt":{"rendered":"<p>[vc_row type=&#8220;full_width_section&#8220; bg_image=&#8220;16658&#8243; full_height=&#8220;true&#8220; class=&#8220;mobile-top-section&#8220;][vc_column animation=&#8220;fade-in-from-left&#8220; width=&#8220;1\/1&#8243;][\/vc_column][\/vc_row][vc_row type=&#8220;full_width_section&#8220;][vc_column animation=&#8220;fade-in-from-bottom&#8220; column_padding=&#8220;padding-5&#8243; width=&#8220;1\/2&#8243;][vc_column_text]Eine fachgerechte Restaurierung. Wir versetzen die Karosserien wieder in den urspr\u00fcnglichen Zustand und entfernen dabei Lacke, Spachtelmassen, D\u00e4mmungsmaterialien und Rost, ohne die Zierleisten und W\u00f6lbungen im Metall, Stahl oder Aluminium zu entstellen. Und all dies, ohne dass R\u00fcckst\u00e4nde zur\u00fcck bleiben. Falls dies unbedingt erforderlich sein sollte, besteht au\u00dferdem die M\u00f6glichkeit nur bestimmte Bereiche, z. B. bei gut erhaltenen Exemplaren die Au\u00dfenseiten, oder bestimmte Stellen, wie bei Karosserien, die von Wettrennen stammen oder f\u00fcr diese bestimmt sind, zu bearbeiten.[\/vc_column_text][\/vc_column][vc_column el_class=&#8220;hide-mobile-image-boxes&#8220; animation=&#8220;fade-in-from-bottom&#8220; bg_image=&#8220;16458&#8243; column_padding=&#8220;padding-5&#8243; column_center=&#8220;true&#8220; width=&#8220;1\/2&#8243;][\/vc_column][\/vc_row][vc_row type=&#8220;full_width_section&#8220; text_color=&#8220;light&#8220;][vc_column el_class=&#8220;hide-mobile-image-boxes&#8220; animation=&#8220;fade-in-from-bottom&#8220; bg_image=&#8220;16450&#8243; column_padding=&#8220;padding-5&#8243; column_center=&#8220;true&#8220; width=&#8220;1\/2&#8243;][\/vc_column][vc_column animation=&#8220;fade-in-from-bottom&#8220; bg_color=&#8220;#002a4a&#8220; column_padding=&#8220;padding-5&#8243; width=&#8220;1\/2&#8243;][vc_column_text]Dem Einzelfall entsprechend nehmen wir Eingriffe an einzelnen Teilen des Autos vor, bei denen wir die gleiche Hochdruck-Wasserstrahltechnologie wie bei den umfangreicheren Eingriffen anwenden. Um den breitgef\u00e4cherten W\u00fcnschen, die in stets zunehmender Zahl an uns herangetragen werden, gerecht zu werden, sind wir ausgesprochen vielseitig. Unsere Technologie funktioniert dort, wo sich andere Verfahren als wirkungslos oder nachteilig erweisen.[\/vc_column_text][\/vc_column][\/vc_row][vc_row type=&#8220;full_width_section&#8220;][vc_column animation=&#8220;fade-in-from-bottom&#8220; column_padding=&#8220;padding-5&#8243; width=&#8220;1\/2&#8243;][vc_column_text]Die Hochdruck-Wasserstrahltechnologie ist bei speziellen industriellen Behandlungen wie beim Reinigen von durch Verarbeitungsmaterialien verstopften Formen, die sich ohne irgendwelche Besch\u00e4digungen und R\u00fcckst\u00e4nde wieder in den Neuzustand versetzen lassen und bei denen andere Techniken sch\u00e4dlich w\u00e4ren, [&hellip;]<\/p>\n","protected":false},"author":1,"featured_media":0,"parent":0,"menu_order":0,"comment_status":"closed","ping_status":"closed","template":"","meta":{"_acf_changed":false,"rs_blank_template":"","rs_page_bg_color":"","slide_template_v7":"","footnotes":""},"class_list":["post-15978","page","type-page","status-publish","hentry"],"translation":{"provider":"WPGlobus","version":"3.0.2","language":"de","enabled_languages":["it","en","de"],"languages":{"it":{"title":true,"content":true,"excerpt":false},"en":{"title":true,"content":true,"excerpt":false},"de":{"title":true,"content":true,"excerpt":false}}},"acf":[],"yoast_head":"<!-- This site is optimized with the Yoast SEO plugin v27.3 - https:\/\/yoast.com\/product\/yoast-seo-wordpress\/ -->\n<title>Metallen und Oldteimer Restaurierung Arbeiten mit Hochdruck-Wasserstrahltechnologie - WWT - Water Works Technology<\/title>\n<meta name=\"description\" content=\"Dank der Hochdruck-Wasserstrahltechnik, die wir entwickelt haben, und der Erfahrung, die wir sammeln konnten, l\u00e4sst sich jegliches Metall reinigen. In diesem Bereich, in dem rasches Handeln ausschlaggebend ist, bieten wir eine ausgesprochen gute Organisation, um Ihnen endg\u00fcltige Dienstleistungen bieten zu k\u00f6nnen.\" \/>\n<meta name=\"robots\" content=\"index, follow, max-snippet:-1, max-image-preview:large, max-video-preview:-1\" \/>\n<link rel=\"canonical\" href=\"https:\/\/www.wwtsrl.it\/lavori-di-sverniciatura-metalli-e-automobili-epoca-con-tecnologia-idrodinamica\/\" \/>\n<meta property=\"og:locale\" content=\"de_DE\" \/>\n<meta property=\"og:type\" content=\"article\" \/>\n<meta property=\"og:title\" content=\"Metallen und Oldteimer Restaurierung Arbeiten mit Hochdruck-Wasserstrahltechnologie - WWT - Water Works Technology\" \/>\n<meta property=\"og:description\" content=\"Dank der Hochdruck-Wasserstrahltechnik, die wir entwickelt haben, und der Erfahrung, die wir sammeln konnten, l\u00e4sst sich jegliches Metall reinigen. In diesem Bereich, in dem rasches Handeln ausschlaggebend ist, bieten wir eine ausgesprochen gute Organisation, um Ihnen endg\u00fcltige Dienstleistungen bieten zu k\u00f6nnen.\" \/>\n<meta property=\"og:url\" content=\"https:\/\/www.wwtsrl.it\/lavori-di-sverniciatura-metalli-e-automobili-epoca-con-tecnologia-idrodinamica\/\" \/>\n<meta property=\"og:site_name\" content=\"WWT - Water Works Technology\" \/>\n<meta property=\"article:modified_time\" content=\"2018-02-12T10:04:36+00:00\" \/>\n<meta name=\"twitter:card\" content=\"summary_large_image\" \/>\n<meta name=\"twitter:label1\" content=\"Gesch\u00e4tzte Lesezeit\" \/>\n\t<meta name=\"twitter:data1\" content=\"11\u00a0Minuten\" \/>\n<script type=\"application\/ld+json\" class=\"yoast-schema-graph\">{\"@context\":\"https:\\\/\\\/schema.org\",\"@graph\":[{\"@type\":\"WebPage\",\"@id\":\"https:\\\/\\\/www.wwtsrl.it\\\/lavori-di-sverniciatura-metalli-e-automobili-epoca-con-tecnologia-idrodinamica\\\/\",\"url\":\"https:\\\/\\\/www.wwtsrl.it\\\/lavori-di-sverniciatura-metalli-e-automobili-epoca-con-tecnologia-idrodinamica\\\/\",\"name\":\"Lavori di sverniciatura metalli e automobili d\u2019epoca con tecnologia idrodinamica - WWT - Water Works Technology\",\"isPartOf\":{\"@id\":\"https:\\\/\\\/www.wwtsrl.it\\\/#website\"},\"datePublished\":\"2016-05-11T16:40:06+00:00\",\"dateModified\":\"2018-02-12T10:04:36+00:00\",\"description\":\"Dank der Hochdruck-Wasserstrahltechnik, die wir entwickelt haben, und der Erfahrung, die wir sammeln konnten, l\u00e4sst sich jegliches Metall reinigen. In diesem Bereich, in dem rasches Handeln ausschlaggebend ist, bieten wir eine ausgesprochen gute Organisation, um Ihnen endg\u00fcltige Dienstleistungen bieten zu k\u00f6nnen.\",\"breadcrumb\":{\"@id\":\"https:\\\/\\\/www.wwtsrl.it\\\/lavori-di-sverniciatura-metalli-e-automobili-epoca-con-tecnologia-idrodinamica\\\/#breadcrumb\"},\"inLanguage\":\"de\",\"potentialAction\":[{\"@type\":\"ReadAction\",\"target\":[\"https:\\\/\\\/www.wwtsrl.it\\\/lavori-di-sverniciatura-metalli-e-automobili-epoca-con-tecnologia-idrodinamica\\\/\"]}]},{\"@type\":\"BreadcrumbList\",\"@id\":\"https:\\\/\\\/www.wwtsrl.it\\\/lavori-di-sverniciatura-metalli-e-automobili-epoca-con-tecnologia-idrodinamica\\\/#breadcrumb\",\"itemListElement\":[{\"@type\":\"ListItem\",\"position\":1,\"name\":\"Home\",\"item\":\"https:\\\/\\\/www.wwtsrl.it\\\/\"},{\"@type\":\"ListItem\",\"position\":2,\"name\":\"Lavori\"}]},{\"@type\":\"WebSite\",\"@id\":\"https:\\\/\\\/www.wwtsrl.it\\\/#website\",\"url\":\"https:\\\/\\\/www.wwtsrl.it\\\/\",\"name\":\"WWT - Water Works Technology\",\"description\":\"Water Works Technology\",\"publisher\":{\"@id\":\"https:\\\/\\\/www.wwtsrl.it\\\/#organization\"},\"potentialAction\":[{\"@type\":\"SearchAction\",\"target\":{\"@type\":\"EntryPoint\",\"urlTemplate\":\"https:\\\/\\\/www.wwtsrl.it\\\/?s={search_term_string}\"},\"query-input\":{\"@type\":\"PropertyValueSpecification\",\"valueRequired\":true,\"valueName\":\"search_term_string\"}}],\"inLanguage\":\"de\"},{\"@type\":\"Organization\",\"@id\":\"https:\\\/\\\/www.wwtsrl.it\\\/#organization\",\"name\":\"WWT - Water Works Technology\",\"url\":\"https:\\\/\\\/www.wwtsrl.it\\\/\",\"logo\":{\"@type\":\"ImageObject\",\"inLanguage\":\"de\",\"@id\":\"https:\\\/\\\/www.wwtsrl.it\\\/#\\\/schema\\\/logo\\\/image\\\/\",\"url\":\"https:\\\/\\\/www.wwtsrl.it\\\/wp-content\\\/uploads\\\/2018\\\/02\\\/wwt-water-works-technology-logo.png\",\"contentUrl\":\"https:\\\/\\\/www.wwtsrl.it\\\/wp-content\\\/uploads\\\/2018\\\/02\\\/wwt-water-works-technology-logo.png\",\"width\":340,\"height\":120,\"caption\":\"WWT - Water Works Technology\"},\"image\":{\"@id\":\"https:\\\/\\\/www.wwtsrl.it\\\/#\\\/schema\\\/logo\\\/image\\\/\"}}]}<\/script>\n<!-- \/ Yoast SEO plugin. -->","yoast_head_json":{"title":"Metallen und Oldteimer Restaurierung Arbeiten mit Hochdruck-Wasserstrahltechnologie - WWT - Water Works Technology","description":"Dank der Hochdruck-Wasserstrahltechnik, die wir entwickelt haben, und der Erfahrung, die wir sammeln konnten, l\u00e4sst sich jegliches Metall reinigen. In diesem Bereich, in dem rasches Handeln ausschlaggebend ist, bieten wir eine ausgesprochen gute Organisation, um Ihnen endg\u00fcltige Dienstleistungen bieten zu k\u00f6nnen.","robots":{"index":"index","follow":"follow","max-snippet":"max-snippet:-1","max-image-preview":"max-image-preview:large","max-video-preview":"max-video-preview:-1"},"canonical":"https:\/\/www.wwtsrl.it\/lavori-di-sverniciatura-metalli-e-automobili-epoca-con-tecnologia-idrodinamica\/","og_locale":"de_DE","og_type":"article","og_title":"Metallen und Oldteimer Restaurierung Arbeiten mit Hochdruck-Wasserstrahltechnologie - WWT - Water Works Technology","og_description":"Dank der Hochdruck-Wasserstrahltechnik, die wir entwickelt haben, und der Erfahrung, die wir sammeln konnten, l\u00e4sst sich jegliches Metall reinigen. In diesem Bereich, in dem rasches Handeln ausschlaggebend ist, bieten wir eine ausgesprochen gute Organisation, um Ihnen endg\u00fcltige Dienstleistungen bieten zu k\u00f6nnen.","og_url":"https:\/\/www.wwtsrl.it\/lavori-di-sverniciatura-metalli-e-automobili-epoca-con-tecnologia-idrodinamica\/","og_site_name":"WWT - Water Works Technology","article_modified_time":"2018-02-12T10:04:36+00:00","twitter_card":"summary_large_image","twitter_misc":{"Gesch\u00e4tzte Lesezeit":"11\u00a0Minuten"},"schema":{"@context":"https:\/\/schema.org","@graph":[{"@type":"WebPage","@id":"https:\/\/www.wwtsrl.it\/lavori-di-sverniciatura-metalli-e-automobili-epoca-con-tecnologia-idrodinamica\/","url":"https:\/\/www.wwtsrl.it\/lavori-di-sverniciatura-metalli-e-automobili-epoca-con-tecnologia-idrodinamica\/","name":"Lavori di sverniciatura metalli e automobili d\u2019epoca con tecnologia idrodinamica - WWT - Water Works Technology","isPartOf":{"@id":"https:\/\/www.wwtsrl.it\/#website"},"datePublished":"2016-05-11T16:40:06+00:00","dateModified":"2018-02-12T10:04:36+00:00","description":"Dank der Hochdruck-Wasserstrahltechnik, die wir entwickelt haben, und der Erfahrung, die wir sammeln konnten, l\u00e4sst sich jegliches Metall reinigen. In diesem Bereich, in dem rasches Handeln ausschlaggebend ist, bieten wir eine ausgesprochen gute Organisation, um Ihnen endg\u00fcltige Dienstleistungen bieten zu k\u00f6nnen.","breadcrumb":{"@id":"https:\/\/www.wwtsrl.it\/lavori-di-sverniciatura-metalli-e-automobili-epoca-con-tecnologia-idrodinamica\/#breadcrumb"},"inLanguage":"de","potentialAction":[{"@type":"ReadAction","target":["https:\/\/www.wwtsrl.it\/lavori-di-sverniciatura-metalli-e-automobili-epoca-con-tecnologia-idrodinamica\/"]}]},{"@type":"BreadcrumbList","@id":"https:\/\/www.wwtsrl.it\/lavori-di-sverniciatura-metalli-e-automobili-epoca-con-tecnologia-idrodinamica\/#breadcrumb","itemListElement":[{"@type":"ListItem","position":1,"name":"Home","item":"https:\/\/www.wwtsrl.it\/"},{"@type":"ListItem","position":2,"name":"Lavori"}]},{"@type":"WebSite","@id":"https:\/\/www.wwtsrl.it\/#website","url":"https:\/\/www.wwtsrl.it\/","name":"WWT - Water Works Technology","description":"Water Works Technology","publisher":{"@id":"https:\/\/www.wwtsrl.it\/#organization"},"potentialAction":[{"@type":"SearchAction","target":{"@type":"EntryPoint","urlTemplate":"https:\/\/www.wwtsrl.it\/?s={search_term_string}"},"query-input":{"@type":"PropertyValueSpecification","valueRequired":true,"valueName":"search_term_string"}}],"inLanguage":"de"},{"@type":"Organization","@id":"https:\/\/www.wwtsrl.it\/#organization","name":"WWT - Water Works Technology","url":"https:\/\/www.wwtsrl.it\/","logo":{"@type":"ImageObject","inLanguage":"de","@id":"https:\/\/www.wwtsrl.it\/#\/schema\/logo\/image\/","url":"https:\/\/www.wwtsrl.it\/wp-content\/uploads\/2018\/02\/wwt-water-works-technology-logo.png","contentUrl":"https:\/\/www.wwtsrl.it\/wp-content\/uploads\/2018\/02\/wwt-water-works-technology-logo.png","width":340,"height":120,"caption":"WWT - Water Works Technology"},"image":{"@id":"https:\/\/www.wwtsrl.it\/#\/schema\/logo\/image\/"}}]}},"_links":{"self":[{"href":"https:\/\/www.wwtsrl.it\/de\/wp-json\/wp\/v2\/pages\/15978","targetHints":{"allow":["GET"]}}],"collection":[{"href":"https:\/\/www.wwtsrl.it\/de\/wp-json\/wp\/v2\/pages"}],"about":[{"href":"https:\/\/www.wwtsrl.it\/de\/wp-json\/wp\/v2\/types\/page"}],"author":[{"embeddable":true,"href":"https:\/\/www.wwtsrl.it\/de\/wp-json\/wp\/v2\/users\/1"}],"replies":[{"embeddable":true,"href":"https:\/\/www.wwtsrl.it\/de\/wp-json\/wp\/v2\/comments?post=15978"}],"version-history":[{"count":0,"href":"https:\/\/www.wwtsrl.it\/de\/wp-json\/wp\/v2\/pages\/15978\/revisions"}],"wp:attachment":[{"href":"https:\/\/www.wwtsrl.it\/de\/wp-json\/wp\/v2\/media?parent=15978"}],"curies":[{"name":"wp","href":"https:\/\/api.w.org\/{rel}","templated":true}]}}