{"id":16604,"date":"2016-09-26T06:36:48","date_gmt":"2016-09-26T06:36:48","guid":{"rendered":"http:\/\/www.wwtsrl.it\/?page_id=16604"},"modified":"2018-02-12T09:00:23","modified_gmt":"2018-02-12T09:00:23","slug":"vantaggi-della-tecnologia-idrodinamica","status":"publish","type":"page","link":"https:\/\/www.wwtsrl.it\/de\/vorteile-der-hochdruck-wasserstrahltechnologie\/","title":{"rendered":"Qualit\u00e4t"},"content":{"rendered":"<div class=\"wpb-content-wrapper\"><p>[vc_row type=&#8220;full_width_section&#8220; bg_image=&#8220;16612&#8243; full_height=&#8220;true&#8220; class=&#8220;mobile-top-section&#8220; bg_position=&#8220;center center&#8220;][vc_column animation=&#8220;fade-in-from-left&#8220; width=&#8220;1\/1&#8243;]<h1 class=\"headline font-special fontsize-xxxl fontweight-700 lh-12 align-left transform-inherit lowercase top-section-text\" style=\" color: #000000;\">Vorteile der Hochdruck-Wasserstrahltechnologie<\/h1><div class=\"headline font-inherit fontsize-xxl fontweight-300 lh-12 align-left transform-inherit top-section-text\" style=\" color: #000000;\">Nachteile der herk\u00f6mmlichen Verfahren<\/div>[\/vc_column][\/vc_row][vc_row bg_color=&#8220;#002a4a;&#8220; text_align=&#8220;center&#8220; class=&#8220;top-and-bottom-padding&#8220; bg_position=&#8220;left top&#8220;][vc_column animation=&#8220;fade-in-from-bottom&#8220; width=&#8220;1\/4&#8243;][\/vc_column][vc_column animation=&#8220;fade-in-from-bottom&#8220; width=&#8220;1\/2&#8243;]<h2 class=\"headline font-special fontsize-xl fontweight-700 lh-12 align-left transform-uppercase \" style=\"margin: 0 0 20px 0; color: #ffffff;\">VORTEILE DER HOCHDRUCK-WASSERSTRAHLTECHNOLOGIE<br \/>\n<\/h2>[vc_column_text]<\/p>\n<p style=\"text-align: left;\"><span style=\"color: #ffffff;\">Wir sind in der Lage verschiedene Arten von Metallen wie Stahlblech, Edelstahl, Aluminium, Leichtmetalllegierungen, Verbundwerkstoffe und viele weitere Materialien zu entlacken, zu sanieren, zu entrosten und wieder in den urspr\u00fcnglichen Zustand zu versetzen.<\/span><\/p>\n<p style=\"text-align: left;\"><span style=\"color: #ffffff;\">Bei einem bis auf 3100 bar regelbaren Druck verwenden wir ausschlie\u00dflich reines Wasser, wobei im Unterschied zu Behandlungen wie Sandstrahlen, Mikrokugeln, Silizium, Stickstoff, Abbeizmitteln, Trocknungs\u00f6fen oder S\u00e4ureb\u00e4dern keine R\u00fcckst\u00e4nde zur\u00fcckbleiben und die urspr\u00fcnglichen Zierleisten und W\u00f6lbungen nicht entstellt werden. Au\u00dferdem werden die mit unserem Verfahren behandelten Teile von Unreinheiten befreit, weshalb sich kein durch die Behandlung bedingter Rost bildet.<\/span><\/p>\n<p style=\"text-align: left;\"><span style=\"color: #ffffff;\"><strong>Bezeichnend f\u00fcr unsere Behandlungen sind T\u00e4tigkeiten, die voll und ganz manuell durch erfahrene, sorgf\u00e4ltige und ausgebildete Mitarbeiter vorgenommen werden.<\/strong><\/span><\/p>\n<p>[\/vc_column_text][\/vc_column][vc_column width=&#8220;1\/4&#8243;][\/vc_column][\/vc_row][vc_row bg_color=&#8220;#ffffff&#8220; text_align=&#8220;center&#8220; class=&#8220;top-and-bottom-padding&#8220; bg_position=&#8220;left top&#8220;][vc_column animation=&#8220;fade-in-from-bottom&#8220; width=&#8220;1\/4&#8243;][\/vc_column][vc_column animation=&#8220;fade-in-from-bottom&#8220; width=&#8220;1\/2&#8243;]<h2 class=\"headline font-special fontsize-xl fontweight-700 lh-12 align-left transform-uppercase \" style=\"margin: 0 0 20px 0; color: #000000;\">NACHTEILE DER HERK\u00d6MMLICHEN VERFAHREN<\/h2>[vc_column_text]<\/p>\n<p style=\"text-align: left;\"><strong>F\u00fcr andere Typen der Behandlung bestehen eindeutige Gegenanzeigen:<\/strong><\/p>\n<ul style=\"text-align: left;\">\n<li style=\"text-align: left;\"><strong>Sandstrahlen<\/strong>: Das Sandstrahlen erfolgt fast immer auf automatische industrielle Weise und somit nicht durch eine Arbeitskraft, was f\u00fcr empfindliche Teile Gefahren birgt. Es wird stets ein Teil des behandelten Materials abgetragen und das Material wird h\u00e4ufig verformt. In den kastenf\u00f6rmigen Strukturen und Ummantelungen bleiben stets R\u00fcckst\u00e4nde des bearbeiteten Materials und Sand zur\u00fcck.<\/li>\n<\/ul>\n<ul style=\"text-align: left;\">\n<li style=\"text-align: left;\"><strong>Chemische Behandlungen<\/strong>: Chemische Behandlungen: Es handelt sich um Verfahren, die diejenigen, die ihre Arbeit bescheinigen und gew\u00e4hrleisten, nicht mehr anwenden. Diese automatischen, nicht reversiblen Entlackungstechniken, bei denen die Teile in S\u00e4ureb\u00e4der mit \u00e4tzenden Substanzen getaucht werden, setzen ihr zerst\u00f6rendes Wirken \u00fcber die Zeit hinweg fort.<\/li>\n<\/ul>\n<ul>\n<li style=\"text-align: left;\"><strong>W\u00e4rmebehandlungen<\/strong>: W\u00e4rmebehandlungen: Trocknungs\u00f6fen, pyrolytisches thermisches Entlacken und automatische W\u00e4rmebehandlungssysteme sind Verfahren, die diejenigen, die bedeutende Materialien behandeln, nicht mehr anwenden, da sie Aluminium verformen und in unrettbarer Weise entstellen. Wenn das Metall auf sehr hohe Temperaturen erhitzt und dann in schnell abgek\u00fchlt wird, f\u00fchrt dies zu schweren Schocks mit schwerwiegenden Folgen.<\/li>\n<\/ul>\n<p>[\/vc_column_text][vc_column_text css_animation=&#8220;bottom-to-top&#8220;]<a href=\"https:\/\/www.wwtsrl.it\/de\/contatti\/\" target=\"_self\" class=\"button color-2 large \" style=\"border-radius: 2px;\">Kontakt<\/a>[\/vc_column_text][\/vc_column][vc_column width=&#8220;1\/4&#8243;][\/vc_column][\/vc_row]<\/p>\n<\/div>","protected":false},"excerpt":{"rendered":"<p>[vc_row type=&#8220;full_width_section&#8220; bg_image=&#8220;16612&#8243; full_height=&#8220;true&#8220; class=&#8220;mobile-top-section&#8220; bg_position=&#8220;center center&#8220;][vc_column animation=&#8220;fade-in-from-left&#8220; width=&#8220;1\/1&#8243;][\/vc_column][\/vc_row][vc_row bg_color=&#8220;#002a4a;&#8220; text_align=&#8220;center&#8220; class=&#8220;top-and-bottom-padding&#8220; bg_position=&#8220;left top&#8220;][vc_column animation=&#8220;fade-in-from-bottom&#8220; width=&#8220;1\/4&#8243;][\/vc_column][vc_column animation=&#8220;fade-in-from-bottom&#8220; width=&#8220;1\/2&#8243;][vc_column_text] Wir sind in der Lage verschiedene Arten von Metallen wie Stahlblech, Edelstahl, Aluminium, Leichtmetalllegierungen, Verbundwerkstoffe und viele weitere Materialien zu entlacken, zu sanieren, zu entrosten und wieder in den urspr\u00fcnglichen Zustand zu versetzen. Bei einem bis auf 3100 bar regelbaren Druck verwenden wir ausschlie\u00dflich reines Wasser, wobei im Unterschied zu Behandlungen wie Sandstrahlen, Mikrokugeln, Silizium, Stickstoff, Abbeizmitteln, Trocknungs\u00f6fen oder S\u00e4ureb\u00e4dern keine R\u00fcckst\u00e4nde zur\u00fcckbleiben und die urspr\u00fcnglichen Zierleisten und W\u00f6lbungen nicht entstellt werden. Au\u00dferdem werden die mit unserem Verfahren behandelten Teile von Unreinheiten befreit, weshalb sich kein durch die Behandlung bedingter Rost bildet. Bezeichnend f\u00fcr unsere Behandlungen sind T\u00e4tigkeiten, die voll und ganz manuell durch erfahrene, sorgf\u00e4ltige und ausgebildete Mitarbeiter vorgenommen werden. [\/vc_column_text][\/vc_column][vc_column width=&#8220;1\/4&#8243;][\/vc_column][\/vc_row][vc_row bg_color=&#8220;#ffffff&#8220; text_align=&#8220;center&#8220; class=&#8220;top-and-bottom-padding&#8220; bg_position=&#8220;left top&#8220;][vc_column animation=&#8220;fade-in-from-bottom&#8220; width=&#8220;1\/4&#8243;][\/vc_column][vc_column animation=&#8220;fade-in-from-bottom&#8220; width=&#8220;1\/2&#8243;][vc_column_text] F\u00fcr andere Typen der Behandlung bestehen eindeutige Gegenanzeigen: Sandstrahlen: Das Sandstrahlen erfolgt fast immer auf automatische industrielle Weise und somit nicht durch eine Arbeitskraft, was f\u00fcr empfindliche Teile Gefahren birgt. Es wird stets ein Teil des behandelten Materials abgetragen und das Material wird h\u00e4ufig verformt. In den kastenf\u00f6rmigen Strukturen und Ummantelungen bleiben stets R\u00fcckst\u00e4nde des bearbeiteten Materials und Sand zur\u00fcck. [&hellip;]<\/p>\n","protected":false},"author":1,"featured_media":0,"parent":0,"menu_order":0,"comment_status":"open","ping_status":"closed","template":"","meta":{"_acf_changed":false,"rs_blank_template":"","rs_page_bg_color":"","slide_template_v7":"","footnotes":""},"class_list":["post-16604","page","type-page","status-publish","hentry"],"translation":{"provider":"WPGlobus","version":"3.0.2","language":"de","enabled_languages":["it","en","de"],"languages":{"it":{"title":true,"content":true,"excerpt":false},"en":{"title":true,"content":true,"excerpt":false},"de":{"title":true,"content":true,"excerpt":false}}},"acf":[],"yoast_head":"<!-- This site is optimized with the Yoast SEO plugin v27.3 - https:\/\/yoast.com\/product\/yoast-seo-wordpress\/ -->\n<title>Vorteile der Hochdruck-Wasserstrahltechnologie - WWT - Water Works Technology<\/title>\n<meta name=\"description\" content=\"Wir sind in der Lage verschiedene Arten von Metallen wie Stahlblech, Edelstahl, Aluminium, Leichtmetalllegierungen, Verbundwerkstoffe und viele weitere Materialien zu entlacken, zu sanieren, zu entrosten und wieder in den urspr\u00fcnglichen Zustand zu versetzen.\" \/>\n<meta name=\"robots\" content=\"index, follow, max-snippet:-1, max-image-preview:large, max-video-preview:-1\" \/>\n<link rel=\"canonical\" href=\"https:\/\/www.wwtsrl.it\/vantaggi-della-tecnologia-idrodinamica\/\" \/>\n<meta property=\"og:locale\" content=\"de_DE\" \/>\n<meta property=\"og:type\" content=\"article\" \/>\n<meta property=\"og:title\" content=\"Vorteile der Hochdruck-Wasserstrahltechnologie - WWT - Water Works Technology\" \/>\n<meta property=\"og:description\" content=\"Wir sind in der Lage verschiedene Arten von Metallen wie Stahlblech, Edelstahl, Aluminium, Leichtmetalllegierungen, Verbundwerkstoffe und viele weitere Materialien zu entlacken, zu sanieren, zu entrosten und wieder in den urspr\u00fcnglichen Zustand zu versetzen.\" \/>\n<meta property=\"og:url\" content=\"https:\/\/www.wwtsrl.it\/vantaggi-della-tecnologia-idrodinamica\/\" \/>\n<meta property=\"og:site_name\" content=\"WWT - Water Works Technology\" \/>\n<meta property=\"article:modified_time\" content=\"2018-02-12T09:00:23+00:00\" \/>\n<meta name=\"twitter:card\" content=\"summary_large_image\" \/>\n<meta name=\"twitter:label1\" content=\"Gesch\u00e4tzte Lesezeit\" \/>\n\t<meta name=\"twitter:data1\" content=\"7\u00a0Minuten\" \/>\n<script type=\"application\/ld+json\" class=\"yoast-schema-graph\">{\"@context\":\"https:\\\/\\\/schema.org\",\"@graph\":[{\"@type\":\"WebPage\",\"@id\":\"https:\\\/\\\/www.wwtsrl.it\\\/vantaggi-della-tecnologia-idrodinamica\\\/\",\"url\":\"https:\\\/\\\/www.wwtsrl.it\\\/vantaggi-della-tecnologia-idrodinamica\\\/\",\"name\":\"I vantaggi della tecnologia idrodinamica - WWT - Water Works Technology\",\"isPartOf\":{\"@id\":\"https:\\\/\\\/www.wwtsrl.it\\\/#website\"},\"datePublished\":\"2016-09-26T06:36:48+00:00\",\"dateModified\":\"2018-02-12T09:00:23+00:00\",\"description\":\"Wir sind in der Lage verschiedene Arten von Metallen wie Stahlblech, Edelstahl, Aluminium, Leichtmetalllegierungen, Verbundwerkstoffe und viele weitere Materialien zu entlacken, zu sanieren, zu entrosten und wieder in den urspr\u00fcnglichen Zustand zu versetzen.\",\"breadcrumb\":{\"@id\":\"https:\\\/\\\/www.wwtsrl.it\\\/vantaggi-della-tecnologia-idrodinamica\\\/#breadcrumb\"},\"inLanguage\":\"de\",\"potentialAction\":[{\"@type\":\"ReadAction\",\"target\":[\"https:\\\/\\\/www.wwtsrl.it\\\/vantaggi-della-tecnologia-idrodinamica\\\/\"]}]},{\"@type\":\"BreadcrumbList\",\"@id\":\"https:\\\/\\\/www.wwtsrl.it\\\/vantaggi-della-tecnologia-idrodinamica\\\/#breadcrumb\",\"itemListElement\":[{\"@type\":\"ListItem\",\"position\":1,\"name\":\"Home\",\"item\":\"https:\\\/\\\/www.wwtsrl.it\\\/\"},{\"@type\":\"ListItem\",\"position\":2,\"name\":\"Qualit\u00e0\"}]},{\"@type\":\"WebSite\",\"@id\":\"https:\\\/\\\/www.wwtsrl.it\\\/#website\",\"url\":\"https:\\\/\\\/www.wwtsrl.it\\\/\",\"name\":\"WWT - Water Works Technology\",\"description\":\"Water Works Technology\",\"publisher\":{\"@id\":\"https:\\\/\\\/www.wwtsrl.it\\\/#organization\"},\"potentialAction\":[{\"@type\":\"SearchAction\",\"target\":{\"@type\":\"EntryPoint\",\"urlTemplate\":\"https:\\\/\\\/www.wwtsrl.it\\\/?s={search_term_string}\"},\"query-input\":{\"@type\":\"PropertyValueSpecification\",\"valueRequired\":true,\"valueName\":\"search_term_string\"}}],\"inLanguage\":\"de\"},{\"@type\":\"Organization\",\"@id\":\"https:\\\/\\\/www.wwtsrl.it\\\/#organization\",\"name\":\"WWT - Water Works Technology\",\"url\":\"https:\\\/\\\/www.wwtsrl.it\\\/\",\"logo\":{\"@type\":\"ImageObject\",\"inLanguage\":\"de\",\"@id\":\"https:\\\/\\\/www.wwtsrl.it\\\/#\\\/schema\\\/logo\\\/image\\\/\",\"url\":\"https:\\\/\\\/www.wwtsrl.it\\\/wp-content\\\/uploads\\\/2018\\\/02\\\/wwt-water-works-technology-logo.png\",\"contentUrl\":\"https:\\\/\\\/www.wwtsrl.it\\\/wp-content\\\/uploads\\\/2018\\\/02\\\/wwt-water-works-technology-logo.png\",\"width\":340,\"height\":120,\"caption\":\"WWT - Water Works Technology\"},\"image\":{\"@id\":\"https:\\\/\\\/www.wwtsrl.it\\\/#\\\/schema\\\/logo\\\/image\\\/\"}}]}<\/script>\n<!-- \/ Yoast SEO plugin. -->","yoast_head_json":{"title":"Vorteile der Hochdruck-Wasserstrahltechnologie - WWT - Water Works Technology","description":"Wir sind in der Lage verschiedene Arten von Metallen wie Stahlblech, Edelstahl, Aluminium, Leichtmetalllegierungen, Verbundwerkstoffe und viele weitere Materialien zu entlacken, zu sanieren, zu entrosten und wieder in den urspr\u00fcnglichen Zustand zu versetzen.","robots":{"index":"index","follow":"follow","max-snippet":"max-snippet:-1","max-image-preview":"max-image-preview:large","max-video-preview":"max-video-preview:-1"},"canonical":"https:\/\/www.wwtsrl.it\/vantaggi-della-tecnologia-idrodinamica\/","og_locale":"de_DE","og_type":"article","og_title":"Vorteile der Hochdruck-Wasserstrahltechnologie - WWT - Water Works Technology","og_description":"Wir sind in der Lage verschiedene Arten von Metallen wie Stahlblech, Edelstahl, Aluminium, Leichtmetalllegierungen, Verbundwerkstoffe und viele weitere Materialien zu entlacken, zu sanieren, zu entrosten und wieder in den urspr\u00fcnglichen Zustand zu versetzen.","og_url":"https:\/\/www.wwtsrl.it\/vantaggi-della-tecnologia-idrodinamica\/","og_site_name":"WWT - Water Works Technology","article_modified_time":"2018-02-12T09:00:23+00:00","twitter_card":"summary_large_image","twitter_misc":{"Gesch\u00e4tzte Lesezeit":"7\u00a0Minuten"},"schema":{"@context":"https:\/\/schema.org","@graph":[{"@type":"WebPage","@id":"https:\/\/www.wwtsrl.it\/vantaggi-della-tecnologia-idrodinamica\/","url":"https:\/\/www.wwtsrl.it\/vantaggi-della-tecnologia-idrodinamica\/","name":"I vantaggi della tecnologia idrodinamica - WWT - Water Works Technology","isPartOf":{"@id":"https:\/\/www.wwtsrl.it\/#website"},"datePublished":"2016-09-26T06:36:48+00:00","dateModified":"2018-02-12T09:00:23+00:00","description":"Wir sind in der Lage verschiedene Arten von Metallen wie Stahlblech, Edelstahl, Aluminium, Leichtmetalllegierungen, Verbundwerkstoffe und viele weitere Materialien zu entlacken, zu sanieren, zu entrosten und wieder in den urspr\u00fcnglichen Zustand zu versetzen.","breadcrumb":{"@id":"https:\/\/www.wwtsrl.it\/vantaggi-della-tecnologia-idrodinamica\/#breadcrumb"},"inLanguage":"de","potentialAction":[{"@type":"ReadAction","target":["https:\/\/www.wwtsrl.it\/vantaggi-della-tecnologia-idrodinamica\/"]}]},{"@type":"BreadcrumbList","@id":"https:\/\/www.wwtsrl.it\/vantaggi-della-tecnologia-idrodinamica\/#breadcrumb","itemListElement":[{"@type":"ListItem","position":1,"name":"Home","item":"https:\/\/www.wwtsrl.it\/"},{"@type":"ListItem","position":2,"name":"Qualit\u00e0"}]},{"@type":"WebSite","@id":"https:\/\/www.wwtsrl.it\/#website","url":"https:\/\/www.wwtsrl.it\/","name":"WWT - Water Works Technology","description":"Water Works Technology","publisher":{"@id":"https:\/\/www.wwtsrl.it\/#organization"},"potentialAction":[{"@type":"SearchAction","target":{"@type":"EntryPoint","urlTemplate":"https:\/\/www.wwtsrl.it\/?s={search_term_string}"},"query-input":{"@type":"PropertyValueSpecification","valueRequired":true,"valueName":"search_term_string"}}],"inLanguage":"de"},{"@type":"Organization","@id":"https:\/\/www.wwtsrl.it\/#organization","name":"WWT - Water Works Technology","url":"https:\/\/www.wwtsrl.it\/","logo":{"@type":"ImageObject","inLanguage":"de","@id":"https:\/\/www.wwtsrl.it\/#\/schema\/logo\/image\/","url":"https:\/\/www.wwtsrl.it\/wp-content\/uploads\/2018\/02\/wwt-water-works-technology-logo.png","contentUrl":"https:\/\/www.wwtsrl.it\/wp-content\/uploads\/2018\/02\/wwt-water-works-technology-logo.png","width":340,"height":120,"caption":"WWT - Water Works Technology"},"image":{"@id":"https:\/\/www.wwtsrl.it\/#\/schema\/logo\/image\/"}}]}},"_links":{"self":[{"href":"https:\/\/www.wwtsrl.it\/de\/wp-json\/wp\/v2\/pages\/16604","targetHints":{"allow":["GET"]}}],"collection":[{"href":"https:\/\/www.wwtsrl.it\/de\/wp-json\/wp\/v2\/pages"}],"about":[{"href":"https:\/\/www.wwtsrl.it\/de\/wp-json\/wp\/v2\/types\/page"}],"author":[{"embeddable":true,"href":"https:\/\/www.wwtsrl.it\/de\/wp-json\/wp\/v2\/users\/1"}],"replies":[{"embeddable":true,"href":"https:\/\/www.wwtsrl.it\/de\/wp-json\/wp\/v2\/comments?post=16604"}],"version-history":[{"count":0,"href":"https:\/\/www.wwtsrl.it\/de\/wp-json\/wp\/v2\/pages\/16604\/revisions"}],"wp:attachment":[{"href":"https:\/\/www.wwtsrl.it\/de\/wp-json\/wp\/v2\/media?parent=16604"}],"curies":[{"name":"wp","href":"https:\/\/api.w.org\/{rel}","templated":true}]}}