{"id":17124,"date":"2018-02-12T11:31:10","date_gmt":"2018-02-12T11:31:10","guid":{"rendered":"http:\/\/www.wwtsrl.it\/?page_id=17124"},"modified":"2018-02-12T11:32:16","modified_gmt":"2018-02-12T11:32:16","slug":"chi-siamo","status":"publish","type":"page","link":"https:\/\/www.wwtsrl.it\/de\/uber-uns\/","title":{"rendered":"\u00dcber Uns"},"content":{"rendered":"<div class=\"wpb-content-wrapper\"><p>[vc_row type=&#8220;full_width_section&#8220; bg_image=&#8220;16662&#8243; full_height=&#8220;true&#8220; class=&#8220;mobile-top-section&#8220; bg_position=&#8220;center center&#8220;][vc_column animation=&#8220;fade-in-from-left&#8220; width=&#8220;1\/1&#8243;]<h1 class=\"headline font-special fontsize-xxxl fontweight-700 lh-12 align-left transform-inherit lowercase top-section-text\" style=\" color: #000000;\">WWT<br \/>\nWater Works Technology<\/h1><div class=\"headline font-inherit fontsize-xxl fontweight-300 lh-12 align-left transform-inherit top-section-text\" style=\" color: #000000;\">Hochdruck-Wasserstrahltechnologie<br \/>\nzu Ihren Diensten.<\/div>[\/vc_column][\/vc_row][vc_row class=&#8220;top-and-bottom-padding&#8220;][vc_column animation=&#8220;fade-in-from-left&#8220; width=&#8220;2\/3&#8243;]<h1 class=\"headline font-inherit fontsize-m fontweight-900 lh-19 align-left transform-inherit \" style=\"margin: 0 0 15px 0; color: #000000;\">Das Unternehmen WWT &#8211; Water Works Technology hat das Entlacken mittels Hochdruck-Wasserstrahltechnologie erfunden und weiterentwickelt und dieses Verfahren speziell f\u00fcr die Metalle angepasst und perfektioniert.<\/h1>[\/vc_column][vc_column animation=&#8220;fade-in-from-right&#8220; column_center=&#8220;true&#8220; text_align=&#8220;right&#8220; width=&#8220;1\/3&#8243;][vc_column_text el_class=&#8220;mobile-central-buttons&#8220;]<a href=\"https:\/\/www.wwtsrl.it\/de\/vorteile-der-hochdruck-wasserstrahltechnologie\/\" target=\"_self\" class=\"button color-2 large \" style=\"border-radius: 2px;\">Leistungen<\/a>\u00a0<a href=\"https:\/\/www.wwtsrl.it\/de\/metallen-und-oldteimer-restaurierung-arbeiten-mit-hochdruck-wasserstrahltechnologie\/\" target=\"_self\" class=\"button color-3 large \" style=\"border-radius: 2px;\">Arbeiten<\/a>[\/vc_column_text][\/vc_column][\/vc_row][vc_row type=&#8220;full_width_section&#8220; bg_position=&#8220;left top&#8220;][vc_column animation=&#8220;fade-in-from-left&#8220; bg_color=&#8220;#002a4a&#8220; column_padding=&#8220;padding-5&#8243; column_center=&#8220;true&#8220; text_color=&#8220;light&#8220; width=&#8220;1\/3&#8243;][vc_column_text]<\/p>\n<h3>DAS IST DER SERVICE, DEN WIR BIETEN:<\/h3>\n<p>Vor Beginn der Behandlung er\u00f6rtern wir mit dem Kunden jede einzelne Anforderung. Au\u00dferdem \u00fcbernehmen wir die Abholung und die Auslieferung mit einem geschlossenen, sicheren Transportfahrzeug.[\/vc_column_text][\/vc_column][vc_column animation=&#8220;fade-in-from-bottom&#8220; bg_image=&#8220;16581&#8243; column_padding=&#8220;padding-5&#8243; column_center=&#8220;true&#8220; width=&#8220;1\/3&#8243;]<div class=\"spacer\" style=\"height: 200px;\"><\/div>[\/vc_column][vc_column animation=&#8220;fade-in-from-right&#8220; bg_color=&#8220;#fafafa&#8220; bg_image=&#8220;16675&#8243; column_padding=&#8220;padding-5&#8243; column_center=&#8220;true&#8220; width=&#8220;1\/3&#8243;]<div class=\"spacer\" style=\"height: 200px;\"><\/div>[\/vc_column][\/vc_row][vc_row type=&#8220;full_width_section&#8220; bg_position=&#8220;left top&#8220;][vc_column animation=&#8220;fade-in-from-left&#8220; bg_image=&#8220;16580&#8243; column_padding=&#8220;padding-5&#8243; column_center=&#8220;true&#8220; width=&#8220;1\/3&#8243;]<div class=\"spacer\" style=\"height: 200px;\"><\/div>[\/vc_column][vc_column animation=&#8220;fade-in-from-bottom&#8220; bg_color=&#8220;#003a5a&#8220; column_padding=&#8220;padding-5&#8243; column_center=&#8220;true&#8220; text_color=&#8220;light&#8220; width=&#8220;1\/3&#8243;][vc_column_text]<\/p>\n<h3>WIR ARBEITEN F\u00dcR BEKANNTE MARKEN<\/h3>\n<p>Unsere Kunden sind vielf\u00e4ltig. Vor allem arbeiten wir f\u00fcr bekannte inl\u00e4ndische und internationale Marken. Es handelt sich um Unternehmen, die sich seit vielen Jahren auf uns verlassen und sich dar\u00fcber bewusst sind, einen exzellenten Partner gefunden zu haben. Au\u00dferdem arbeiten wir mit Privatkunden zusammen, die ihr Auto restaurieren m\u00f6chten. WWT &#8211; Water Works Technology ist ein Synonym f\u00fcr Professionalit\u00e4t und Erfahrung.[\/vc_column_text][\/vc_column][vc_column animation=&#8220;fade-in-from-right&#8220; bg_image=&#8220;16660&#8243; column_padding=&#8220;padding-5&#8243; column_center=&#8220;true&#8220; width=&#8220;1\/3&#8243;]<div class=\"spacer\" style=\"height: 200px;\"><\/div>[\/vc_column][\/vc_row][vc_row bg_color=&#8220;#fafafa&#8220; text_align=&#8220;center&#8220; class=&#8220;top-and-bottom-padding&#8220; bg_position=&#8220;left top&#8220;][vc_column animation=&#8220;fade-in-from-bottom&#8220; width=&#8220;1\/4&#8243;][\/vc_column][vc_column el_class=&#8220;br-fix&#8220; width=&#8220;1\/2&#8243;]<h2 class=\"headline font-special fontsize-xl fontweight-700 lh-12 align-left transform-uppercase \" style=\"margin: 0 0 20px 0;\">SO ENTSTEHT WWT &#8211; WATER WORKS TECHNOLOGY<\/h2>[vc_column_text]<\/p>\n<p style=\"text-align: left;\"><strong>DAS WASSER UND DIE FRAGE, DIE SICH SPONTAN STELLT<\/strong><br \/>\nZu Beginn erregte dieses Verfahren Misstrauen. Die Frage, die mir kategorisch x-hundert Mal gestellt wurde lautet: \u201eMit Wasser? Aber bildet sich da kein Rost?\u201c<br \/>\nDie Antwort ist ebenso banal wie einfach. Diese Wasserteilchen, die bei derart hohem Druck zerst\u00e4ubt werden, dringen in die Mikroporen des Metalls ein und l\u00f6sen dadurch jegliche R\u00fcckst\u00e4nde, sodass auf dem Blech keinerlei Unreinheiten zur\u00fcckbleiben. Der Sauerstoff allein oxydiert nicht. Wird das Blech anschlie\u00dfend bearbeitet und sorgf\u00e4ltig an einem sauberen Ort aufbewahrt, kann es \u00fcber Monate hin unversehrt bleiben.<\/p>\n<p style=\"text-align: left;\"><strong>DAS WACHSTUM<\/strong><br \/>\nDie Zusammenarbeit mit unseren Kunden war das Wertvollste. Begonnen bei den Meinungen und Ratschl\u00e4gen der besten Restauratoren \u00fcber die Sportlerteams, die die gezielten und partiellen Eingriffe zu sch\u00e4tzen wussten, bis hin zum Privatkunden, der das alte Fahrzeug seines Gro\u00dfvaters restauriert. Ob es sich um einen Eingriff an einem Auto-Unikat oder an einem alten Gebrauchtwagen handelt hat auf unsere Verantwortung keinen Einfluss und wir arbeiten immer so, als w\u00fcrde das Fahrzeug uns selbst geh\u00f6ren.<\/p>\n<p style=\"text-align: left;\"><strong>DER NEUE FIRMENSITZ<\/strong><br \/>\nNach der Anlaufzeit wurde, um den betrieblichen und logistischen Anforderungen m\u00f6glichst gut gerecht werden zu k\u00f6nnen, ein neuer Firmensitz erforderlich.<br \/>\nUnd schlie\u00dflich haben wir die Marke beim italienischen Patent- und Warenzeichenamt UIBM eintragen lassen.<\/p>\n<p style=\"text-align: left;\"><strong>UMWELT<\/strong><br \/>\nBesondere Aufmerksamkeit ist, dem ital. Pr\u00e4sidialerlass 203 gem\u00e4\u00df, auch der Umwelt zuteil geworden. Die Hochdruck-Wasserstrahltechnik zeichnet sich durch eine unbedeutende Luftverunreinigung aus, die festen R\u00fcckst\u00e4nde werden unter Beachtung der geltenden Bestimmungen gelagert und entsorgt und das Wasser wird im Anschluss an die Kl\u00e4rung und Aufbereitung f\u00fcr darauffolgende Zyklen wiederverwertet.<\/p>\n<p>[\/vc_column_text][vc_column_text]<a href=\"https:\/\/www.wwtsrl.it\/contatti\/\" target=\"_self\" class=\"button color-2 large \" style=\"border-radius: 2px;\">Kontakt<\/a>[\/vc_column_text][\/vc_column][vc_column width=&#8220;1\/4&#8243;][\/vc_column][\/vc_row]<\/p>\n<\/div>","protected":false},"excerpt":{"rendered":"<p>[vc_row type=&#8220;full_width_section&#8220; bg_image=&#8220;16662&#8243; full_height=&#8220;true&#8220; class=&#8220;mobile-top-section&#8220; bg_position=&#8220;center center&#8220;][vc_column animation=&#8220;fade-in-from-left&#8220; width=&#8220;1\/1&#8243;][\/vc_column][\/vc_row][vc_row class=&#8220;top-and-bottom-padding&#8220;][vc_column animation=&#8220;fade-in-from-left&#8220; width=&#8220;2\/3&#8243;][\/vc_column][vc_column animation=&#8220;fade-in-from-right&#8220; column_center=&#8220;true&#8220; text_align=&#8220;right&#8220; width=&#8220;1\/3&#8243;][vc_column_text el_class=&#8220;mobile-central-buttons&#8220;]\u00a0[\/vc_column_text][\/vc_column][\/vc_row][vc_row type=&#8220;full_width_section&#8220; bg_position=&#8220;left top&#8220;][vc_column animation=&#8220;fade-in-from-left&#8220; bg_color=&#8220;#002a4a&#8220; column_padding=&#8220;padding-5&#8243; column_center=&#8220;true&#8220; text_color=&#8220;light&#8220; width=&#8220;1\/3&#8243;][vc_column_text] DAS IST DER SERVICE, DEN WIR BIETEN: Vor Beginn der Behandlung er\u00f6rtern wir mit dem Kunden jede einzelne Anforderung. Au\u00dferdem \u00fcbernehmen wir die Abholung und die Auslieferung mit einem geschlossenen, sicheren Transportfahrzeug.[\/vc_column_text][\/vc_column][vc_column animation=&#8220;fade-in-from-bottom&#8220; bg_image=&#8220;16581&#8243; column_padding=&#8220;padding-5&#8243; column_center=&#8220;true&#8220; width=&#8220;1\/3&#8243;][\/vc_column][vc_column animation=&#8220;fade-in-from-right&#8220; bg_color=&#8220;#fafafa&#8220; bg_image=&#8220;16675&#8243; column_padding=&#8220;padding-5&#8243; column_center=&#8220;true&#8220; width=&#8220;1\/3&#8243;][\/vc_column][\/vc_row][vc_row type=&#8220;full_width_section&#8220; bg_position=&#8220;left top&#8220;][vc_column animation=&#8220;fade-in-from-left&#8220; bg_image=&#8220;16580&#8243; column_padding=&#8220;padding-5&#8243; column_center=&#8220;true&#8220; width=&#8220;1\/3&#8243;][\/vc_column][vc_column animation=&#8220;fade-in-from-bottom&#8220; bg_color=&#8220;#003a5a&#8220; column_padding=&#8220;padding-5&#8243; column_center=&#8220;true&#8220; text_color=&#8220;light&#8220; width=&#8220;1\/3&#8243;][vc_column_text] WIR ARBEITEN F\u00dcR BEKANNTE MARKEN Unsere Kunden sind vielf\u00e4ltig. Vor allem arbeiten wir f\u00fcr bekannte inl\u00e4ndische und internationale Marken. Es handelt sich um Unternehmen, die sich seit vielen Jahren auf uns verlassen und sich dar\u00fcber bewusst sind, einen exzellenten Partner gefunden zu haben. Au\u00dferdem arbeiten wir mit Privatkunden zusammen, die ihr Auto restaurieren m\u00f6chten. WWT &#8211; Water Works Technology ist ein Synonym f\u00fcr Professionalit\u00e4t und Erfahrung.[\/vc_column_text][\/vc_column][vc_column animation=&#8220;fade-in-from-right&#8220; bg_image=&#8220;16660&#8243; column_padding=&#8220;padding-5&#8243; column_center=&#8220;true&#8220; width=&#8220;1\/3&#8243;][\/vc_column][\/vc_row][vc_row bg_color=&#8220;#fafafa&#8220; text_align=&#8220;center&#8220; class=&#8220;top-and-bottom-padding&#8220; bg_position=&#8220;left top&#8220;][vc_column animation=&#8220;fade-in-from-bottom&#8220; width=&#8220;1\/4&#8243;][\/vc_column][vc_column el_class=&#8220;br-fix&#8220; width=&#8220;1\/2&#8243;][vc_column_text] DAS WASSER UND DIE FRAGE, DIE SICH SPONTAN STELLT Zu Beginn erregte dieses Verfahren Misstrauen. Die Frage, die mir kategorisch x-hundert Mal gestellt wurde lautet: \u201eMit Wasser? Aber bildet sich da kein Rost?\u201c Die Antwort ist ebenso [&hellip;]<\/p>\n","protected":false},"author":1,"featured_media":0,"parent":0,"menu_order":0,"comment_status":"open","ping_status":"closed","template":"","meta":{"_acf_changed":false,"rs_blank_template":"","rs_page_bg_color":"","slide_template_v7":"","footnotes":""},"class_list":["post-17124","page","type-page","status-publish","hentry"],"translation":{"provider":"WPGlobus","version":"3.0.2","language":"de","enabled_languages":["it","en","de"],"languages":{"it":{"title":true,"content":true,"excerpt":false},"en":{"title":true,"content":true,"excerpt":false},"de":{"title":true,"content":true,"excerpt":false}}},"acf":[],"yoast_head":"<!-- This site is optimized with the Yoast SEO plugin v27.3 - https:\/\/yoast.com\/product\/yoast-seo-wordpress\/ -->\n<title>WWT - Hochdruck-Wasserstrahltechnologie zu Ihren Diensten<\/title>\n<meta name=\"description\" content=\"WWT hat das Entlacken mittels Hochdruck-Wasserstrahltechnologie erfunden und weiterentwickelt und dieses Verfahren speziell f\u00fcr die Metalle angepasst und perfektioniert. WWT ist in der Automobilbranche und in der Industrie ideal f\u00fcr die Anwendungsbereiche, in denen andere Techniken wirkungslos oder sch\u00e4dlich sind.\" \/>\n<meta name=\"robots\" content=\"index, follow, max-snippet:-1, max-image-preview:large, max-video-preview:-1\" \/>\n<link rel=\"canonical\" href=\"https:\/\/www.wwtsrl.it\/chi-siamo\/\" \/>\n<meta property=\"og:locale\" content=\"de_DE\" \/>\n<meta property=\"og:type\" content=\"article\" \/>\n<meta property=\"og:title\" content=\"WWT - Hochdruck-Wasserstrahltechnologie zu Ihren Diensten\" \/>\n<meta property=\"og:description\" content=\"WWT hat das Entlacken mittels Hochdruck-Wasserstrahltechnologie erfunden und weiterentwickelt und dieses Verfahren speziell f\u00fcr die Metalle angepasst und perfektioniert. WWT ist in der Automobilbranche und in der Industrie ideal f\u00fcr die Anwendungsbereiche, in denen andere Techniken wirkungslos oder sch\u00e4dlich sind.\" \/>\n<meta property=\"og:url\" content=\"https:\/\/www.wwtsrl.it\/chi-siamo\/\" \/>\n<meta property=\"og:site_name\" content=\"WWT - Water Works Technology\" \/>\n<meta property=\"article:modified_time\" content=\"2018-02-12T11:32:16+00:00\" \/>\n<meta name=\"twitter:card\" content=\"summary_large_image\" \/>\n<meta name=\"twitter:label1\" content=\"Gesch\u00e4tzte Lesezeit\" \/>\n\t<meta name=\"twitter:data1\" content=\"12\u00a0Minuten\" \/>\n<script type=\"application\/ld+json\" class=\"yoast-schema-graph\">{\"@context\":\"https:\\\/\\\/schema.org\",\"@graph\":[{\"@type\":\"WebPage\",\"@id\":\"https:\\\/\\\/www.wwtsrl.it\\\/chi-siamo\\\/\",\"url\":\"https:\\\/\\\/www.wwtsrl.it\\\/chi-siamo\\\/\",\"name\":\"WWT - Tecnologia Idrodinamica al vostro servizio\",\"isPartOf\":{\"@id\":\"https:\\\/\\\/www.wwtsrl.it\\\/#website\"},\"datePublished\":\"2018-02-12T11:31:10+00:00\",\"dateModified\":\"2018-02-12T11:32:16+00:00\",\"description\":\"WWT hat das Entlacken mittels Hochdruck-Wasserstrahltechnologie erfunden und weiterentwickelt und dieses Verfahren speziell f\u00fcr die Metalle angepasst und perfektioniert. WWT ist in der Automobilbranche und in der Industrie ideal f\u00fcr die Anwendungsbereiche, in denen andere Techniken wirkungslos oder sch\u00e4dlich sind.\",\"breadcrumb\":{\"@id\":\"https:\\\/\\\/www.wwtsrl.it\\\/chi-siamo\\\/#breadcrumb\"},\"inLanguage\":\"de\",\"potentialAction\":[{\"@type\":\"ReadAction\",\"target\":[\"https:\\\/\\\/www.wwtsrl.it\\\/chi-siamo\\\/\"]}]},{\"@type\":\"BreadcrumbList\",\"@id\":\"https:\\\/\\\/www.wwtsrl.it\\\/chi-siamo\\\/#breadcrumb\",\"itemListElement\":[{\"@type\":\"ListItem\",\"position\":1,\"name\":\"Home\",\"item\":\"https:\\\/\\\/www.wwtsrl.it\\\/\"},{\"@type\":\"ListItem\",\"position\":2,\"name\":\"Chi Siamo\"}]},{\"@type\":\"WebSite\",\"@id\":\"https:\\\/\\\/www.wwtsrl.it\\\/#website\",\"url\":\"https:\\\/\\\/www.wwtsrl.it\\\/\",\"name\":\"WWT - Water Works Technology\",\"description\":\"Water Works Technology\",\"publisher\":{\"@id\":\"https:\\\/\\\/www.wwtsrl.it\\\/#organization\"},\"potentialAction\":[{\"@type\":\"SearchAction\",\"target\":{\"@type\":\"EntryPoint\",\"urlTemplate\":\"https:\\\/\\\/www.wwtsrl.it\\\/?s={search_term_string}\"},\"query-input\":{\"@type\":\"PropertyValueSpecification\",\"valueRequired\":true,\"valueName\":\"search_term_string\"}}],\"inLanguage\":\"de\"},{\"@type\":\"Organization\",\"@id\":\"https:\\\/\\\/www.wwtsrl.it\\\/#organization\",\"name\":\"WWT - Water Works Technology\",\"url\":\"https:\\\/\\\/www.wwtsrl.it\\\/\",\"logo\":{\"@type\":\"ImageObject\",\"inLanguage\":\"de\",\"@id\":\"https:\\\/\\\/www.wwtsrl.it\\\/#\\\/schema\\\/logo\\\/image\\\/\",\"url\":\"https:\\\/\\\/www.wwtsrl.it\\\/wp-content\\\/uploads\\\/2018\\\/02\\\/wwt-water-works-technology-logo.png\",\"contentUrl\":\"https:\\\/\\\/www.wwtsrl.it\\\/wp-content\\\/uploads\\\/2018\\\/02\\\/wwt-water-works-technology-logo.png\",\"width\":340,\"height\":120,\"caption\":\"WWT - Water Works Technology\"},\"image\":{\"@id\":\"https:\\\/\\\/www.wwtsrl.it\\\/#\\\/schema\\\/logo\\\/image\\\/\"}}]}<\/script>\n<!-- \/ Yoast SEO plugin. -->","yoast_head_json":{"title":"WWT - Hochdruck-Wasserstrahltechnologie zu Ihren Diensten","description":"WWT hat das Entlacken mittels Hochdruck-Wasserstrahltechnologie erfunden und weiterentwickelt und dieses Verfahren speziell f\u00fcr die Metalle angepasst und perfektioniert. WWT ist in der Automobilbranche und in der Industrie ideal f\u00fcr die Anwendungsbereiche, in denen andere Techniken wirkungslos oder sch\u00e4dlich sind.","robots":{"index":"index","follow":"follow","max-snippet":"max-snippet:-1","max-image-preview":"max-image-preview:large","max-video-preview":"max-video-preview:-1"},"canonical":"https:\/\/www.wwtsrl.it\/chi-siamo\/","og_locale":"de_DE","og_type":"article","og_title":"WWT - Hochdruck-Wasserstrahltechnologie zu Ihren Diensten","og_description":"WWT hat das Entlacken mittels Hochdruck-Wasserstrahltechnologie erfunden und weiterentwickelt und dieses Verfahren speziell f\u00fcr die Metalle angepasst und perfektioniert. WWT ist in der Automobilbranche und in der Industrie ideal f\u00fcr die Anwendungsbereiche, in denen andere Techniken wirkungslos oder sch\u00e4dlich sind.","og_url":"https:\/\/www.wwtsrl.it\/chi-siamo\/","og_site_name":"WWT - Water Works Technology","article_modified_time":"2018-02-12T11:32:16+00:00","twitter_card":"summary_large_image","twitter_misc":{"Gesch\u00e4tzte Lesezeit":"12\u00a0Minuten"},"schema":{"@context":"https:\/\/schema.org","@graph":[{"@type":"WebPage","@id":"https:\/\/www.wwtsrl.it\/chi-siamo\/","url":"https:\/\/www.wwtsrl.it\/chi-siamo\/","name":"WWT - Tecnologia Idrodinamica al vostro servizio","isPartOf":{"@id":"https:\/\/www.wwtsrl.it\/#website"},"datePublished":"2018-02-12T11:31:10+00:00","dateModified":"2018-02-12T11:32:16+00:00","description":"WWT hat das Entlacken mittels Hochdruck-Wasserstrahltechnologie erfunden und weiterentwickelt und dieses Verfahren speziell f\u00fcr die Metalle angepasst und perfektioniert. WWT ist in der Automobilbranche und in der Industrie ideal f\u00fcr die Anwendungsbereiche, in denen andere Techniken wirkungslos oder sch\u00e4dlich sind.","breadcrumb":{"@id":"https:\/\/www.wwtsrl.it\/chi-siamo\/#breadcrumb"},"inLanguage":"de","potentialAction":[{"@type":"ReadAction","target":["https:\/\/www.wwtsrl.it\/chi-siamo\/"]}]},{"@type":"BreadcrumbList","@id":"https:\/\/www.wwtsrl.it\/chi-siamo\/#breadcrumb","itemListElement":[{"@type":"ListItem","position":1,"name":"Home","item":"https:\/\/www.wwtsrl.it\/"},{"@type":"ListItem","position":2,"name":"Chi Siamo"}]},{"@type":"WebSite","@id":"https:\/\/www.wwtsrl.it\/#website","url":"https:\/\/www.wwtsrl.it\/","name":"WWT - Water Works Technology","description":"Water Works Technology","publisher":{"@id":"https:\/\/www.wwtsrl.it\/#organization"},"potentialAction":[{"@type":"SearchAction","target":{"@type":"EntryPoint","urlTemplate":"https:\/\/www.wwtsrl.it\/?s={search_term_string}"},"query-input":{"@type":"PropertyValueSpecification","valueRequired":true,"valueName":"search_term_string"}}],"inLanguage":"de"},{"@type":"Organization","@id":"https:\/\/www.wwtsrl.it\/#organization","name":"WWT - Water Works Technology","url":"https:\/\/www.wwtsrl.it\/","logo":{"@type":"ImageObject","inLanguage":"de","@id":"https:\/\/www.wwtsrl.it\/#\/schema\/logo\/image\/","url":"https:\/\/www.wwtsrl.it\/wp-content\/uploads\/2018\/02\/wwt-water-works-technology-logo.png","contentUrl":"https:\/\/www.wwtsrl.it\/wp-content\/uploads\/2018\/02\/wwt-water-works-technology-logo.png","width":340,"height":120,"caption":"WWT - Water Works Technology"},"image":{"@id":"https:\/\/www.wwtsrl.it\/#\/schema\/logo\/image\/"}}]}},"_links":{"self":[{"href":"https:\/\/www.wwtsrl.it\/de\/wp-json\/wp\/v2\/pages\/17124","targetHints":{"allow":["GET"]}}],"collection":[{"href":"https:\/\/www.wwtsrl.it\/de\/wp-json\/wp\/v2\/pages"}],"about":[{"href":"https:\/\/www.wwtsrl.it\/de\/wp-json\/wp\/v2\/types\/page"}],"author":[{"embeddable":true,"href":"https:\/\/www.wwtsrl.it\/de\/wp-json\/wp\/v2\/users\/1"}],"replies":[{"embeddable":true,"href":"https:\/\/www.wwtsrl.it\/de\/wp-json\/wp\/v2\/comments?post=17124"}],"version-history":[{"count":0,"href":"https:\/\/www.wwtsrl.it\/de\/wp-json\/wp\/v2\/pages\/17124\/revisions"}],"wp:attachment":[{"href":"https:\/\/www.wwtsrl.it\/de\/wp-json\/wp\/v2\/media?parent=17124"}],"curies":[{"name":"wp","href":"https:\/\/api.w.org\/{rel}","templated":true}]}}